{"id":9999,"date":"2022-07-02T17:07:34","date_gmt":"2022-07-02T22:07:34","guid":{"rendered":"https:\/\/bambu-arquitectura.net\/casa-de-bambu-piura-2\/"},"modified":"2022-08-03T19:11:27","modified_gmt":"2022-08-04T00:11:27","slug":"planos-arquitectonicos-casa-de-bambu-piura-piho-do3","status":"publish","type":"page","link":"https:\/\/bambu-arquitectura.net\/en\/planos-arquitectonicos-casa-de-bambu-piura-piho-do3\/","title":{"rendered":"Architectural Drawings Bamboo House Piura PiHo Do3"},"content":{"rendered":"\n<h5 class=\"wp-block-heading\">Planos Arquitect\u00f3nicos<\/h5>\n\n\n\n<p>Aqu\u00ed puedes ver los im\u00e1genes de los planos arquitect\u00f3nicos. Puedes hacer \u00abclick\u00bb en un imagen para inspeccionarlo. Un imagen es una representaci\u00f3n reducida del original, no tiene el formato A1 (59,4&#215;86,1 cm) ni la escala 1:20. Solamente el pdf de los planos arquitect\u00f3nicos tiene todo los detalles, est\u00e1 en formato A1, escala 1:20.<\/p>\n\n\n\n<p>La descripci\u00f3n de este dise\u00f1o puedes encontrar con el enlace <a href=\"https:\/\/bambu-arquitectura.net\/especificacion-tecnica-casa-de-bambu-piura-piho-do3\/\" title=\"Especificaci\u00f3n T\u00e9cnica Casa de Bamb\u00fa Piura PiHo Do3\">Especificaci\u00f3n T\u00e9cnica<\/a>.<\/p>\n\n\n\n<p><\/p>\n\n\n\n\n\n\n\n<p><\/p>\n\n\n\n<div style=\"height:10px\" aria-hidden=\"true\" class=\"wp-block-spacer\"><\/div>\n\n\n\n<h5 class=\"wp-block-heading\">Producto disponible<\/h5>\n\n\n<div data-block-name=\"woocommerce\/handpicked-products\" data-content-visibility=\"{&quot;image&quot;:true,&quot;title&quot;:true,&quot;price&quot;:true,&quot;rating&quot;:false,&quot;button&quot;:false}\" data-products=\"[9938]\" class=\"wc-block-grid wp-block-handpicked-products wp-block-woocommerce-handpicked-products wc-block-handpicked-products has-3-columns has-multiple-rows\"><ul class=\"wc-block-grid__products\"><li class=\"wc-block-grid__product\">\n\t\t\t\t<a href=\"https:\/\/bambu-arquitectura.net\/en\/product\/planos-arquitectonicos-casa-piura-piho-do3\/\" class=\"wc-block-grid__product-link\">\n\t\t\t\t\t\n\t\t\t\t\t<div class=\"wc-block-grid__product-image\"><img loading=\"lazy\" decoding=\"async\" width=\"400\" height=\"400\" src=\"https:\/\/i0.wp.com\/bambu-arquitectura.net\/wp-content\/uploads\/2022\/06\/Casa-de-Bambu-Piura-Piso-Hormigon-3-dormitorios-24062022_08-scaled.jpg?resize=400%2C400&amp;ssl=1\" class=\"attachment-woocommerce_thumbnail size-woocommerce_thumbnail\" alt=\"Planos Arquitect\u00f3nicos Casa Piura PiHo Do3\" srcset=\"https:\/\/i0.wp.com\/bambu-arquitectura.net\/wp-content\/uploads\/2022\/06\/Casa-de-Bambu-Piura-Piso-Hormigon-3-dormitorios-24062022_08-scaled.jpg?resize=280%2C280&amp;ssl=1 280w, https:\/\/i0.wp.com\/bambu-arquitectura.net\/wp-content\/uploads\/2022\/06\/Casa-de-Bambu-Piura-Piso-Hormigon-3-dormitorios-24062022_08-scaled.jpg?resize=400%2C400&amp;ssl=1 400w, https:\/\/i0.wp.com\/bambu-arquitectura.net\/wp-content\/uploads\/2022\/06\/Casa-de-Bambu-Piura-Piso-Hormigon-3-dormitorios-24062022_08-scaled.jpg?resize=100%2C100&amp;ssl=1 100w, https:\/\/i0.wp.com\/bambu-arquitectura.net\/wp-content\/uploads\/2022\/06\/Casa-de-Bambu-Piura-Piso-Hormigon-3-dormitorios-24062022_08-scaled.jpg?resize=512%2C512&amp;ssl=1 512w, https:\/\/i0.wp.com\/bambu-arquitectura.net\/wp-content\/uploads\/2022\/06\/Casa-de-Bambu-Piura-Piso-Hormigon-3-dormitorios-24062022_08-scaled.jpg?resize=1024%2C1024&amp;ssl=1 1024w, https:\/\/i0.wp.com\/bambu-arquitectura.net\/wp-content\/uploads\/2022\/06\/Casa-de-Bambu-Piura-Piso-Hormigon-3-dormitorios-24062022_08-scaled.jpg?zoom=2&amp;resize=400%2C400&amp;ssl=1 800w, https:\/\/i0.wp.com\/bambu-arquitectura.net\/wp-content\/uploads\/2022\/06\/Casa-de-Bambu-Piura-Piso-Hormigon-3-dormitorios-24062022_08-scaled.jpg?zoom=3&amp;resize=400%2C400&amp;ssl=1 1200w\" sizes=\"auto, (max-width: 400px) 100vw, 400px\" title=\"\"><\/div>\n\t\t\t\t\t<div class=\"wc-block-grid__product-title\">Planos Arquitect\u00f3nicos Casa Piura PiHo Do3<\/div>\n\t\t\t\t<\/a>\n\t\t\t\t<div class=\"wc-block-grid__product-price price\"><span class=\"woocommerce-Price-amount amount\"><span class=\"woocommerce-Price-currencySymbol\">&#036;<\/span>22,50<\/span><\/div>\n\t\t\t\t\n\t\t\t\t\n\t\t\t<\/li><\/ul><\/div>","protected":false},"excerpt":{"rendered":"<p>Architectural plans for a two-story Bamboo House in Piura, Peru. Concrete floors on the ground and second floors, three bedrooms.<\/p>","protected":false},"author":1,"featured_media":9533,"parent":0,"menu_order":0,"comment_status":"closed","ping_status":"closed","template":"","meta":{"footnotes":""},"class_list":["post-9999","page","type-page","status-publish","has-post-thumbnail","hentry"],"jetpack_sharing_enabled":true,"_links":{"self":[{"href":"https:\/\/bambu-arquitectura.net\/en\/wp-json\/wp\/v2\/pages\/9999","targetHints":{"allow":["GET"]}}],"collection":[{"href":"https:\/\/bambu-arquitectura.net\/en\/wp-json\/wp\/v2\/pages"}],"about":[{"href":"https:\/\/bambu-arquitectura.net\/en\/wp-json\/wp\/v2\/types\/page"}],"author":[{"embeddable":true,"href":"https:\/\/bambu-arquitectura.net\/en\/wp-json\/wp\/v2\/users\/1"}],"replies":[{"embeddable":true,"href":"https:\/\/bambu-arquitectura.net\/en\/wp-json\/wp\/v2\/comments?post=9999"}],"version-history":[{"count":1,"href":"https:\/\/bambu-arquitectura.net\/en\/wp-json\/wp\/v2\/pages\/9999\/revisions"}],"predecessor-version":[{"id":10630,"href":"https:\/\/bambu-arquitectura.net\/en\/wp-json\/wp\/v2\/pages\/9999\/revisions\/10630"}],"wp:featuredmedia":[{"embeddable":true,"href":"https:\/\/bambu-arquitectura.net\/en\/wp-json\/wp\/v2\/media\/9533"}],"wp:attachment":[{"href":"https:\/\/bambu-arquitectura.net\/en\/wp-json\/wp\/v2\/media?parent=9999"}],"curies":[{"name":"wp","href":"https:\/\/api.w.org\/{rel}","templated":true}]}}