{"id":10362,"date":"2022-07-12T19:09:02","date_gmt":"2022-07-13T00:09:02","guid":{"rendered":"https:\/\/bambu-arquitectura.net\/?page_id=10362"},"modified":"2022-07-26T12:58:56","modified_gmt":"2022-07-26T17:58:56","slug":"especificacion-tecnica-casa-de-bambu-piura-pima-do2","status":"publish","type":"page","link":"https:\/\/bambu-arquitectura.net\/en\/especificacion-tecnica-casa-de-bambu-piura-pima-do2\/","title":{"rendered":"Technical Specification Bamboo House Piura PiMa Do2"},"content":{"rendered":"\n<h5 class=\"wp-block-heading\"><strong>Especificaci\u00f3n T\u00e9cnica<\/strong> <\/h5>\n\n\n\n<h6 class=\"wp-block-heading\"><strong>Espacios<\/strong><\/h6>\n\n\n\n<p>Planta Baja: sala con terraza, ba\u00f1o con inodoro, lavamanos y ducha, comedor, cocina, corredor, lavander\u00eda, escalera.&nbsp;Superficie planta baja: 56 m<sup>2<\/sup>.<\/p>\n\n\n\n<p>Segunda Planta: 2 cuartos, ba\u00f1o con inodoro, lavamanos y ducha, terraza principal, escalera, balcones a los 4 lados.&nbsp;Superficie segunda planta: 82.8 m<sup>2<\/sup>.<\/p>\n\n\n\n<p>Para m\u00e1s informaci\u00f3n, ve los <a href=\"https:\/\/bambu-arquitectura.net\/planos-arquitectonicos-casa-de-bambu-piura-pima-do2\/\" title=\"Planos Arquitect\u00f3nicos Casa de Bamb\u00fa Piura PiMa Do2\">Planos Arquitect\u00f3nicos<\/a> de este dise\u00f1o.<\/p>\n\n\n\n<h6 class=\"wp-block-heading\">Sustentabilidad<\/h6>\n\n\n\n<p>La casa es sostenible, por el uso de bamb\u00fa para la estructura y para los revestimientos de paredes y techo.&nbsp;<\/p>\n\n\n\n<p>Por el uso de bamb\u00fa en techo y paredes, por la forma de la casa (el alero grande previene que las paredes se calienten) y la cross-ventilaci\u00f3n por la ubicaci\u00f3n de las ventanas, hay un clima agradable dentro de la casa.&nbsp;<\/p>\n\n\n\n<p>El bamb\u00fa crece r\u00e1pido y es CO2 neutral. La construcci\u00f3n de esta casa de bamb\u00fa es un remedio eficaz en la lucha contra el cambio clim\u00e1tico.<\/p>\n\n\n\n<h6 class=\"wp-block-heading\">Base de Hormig\u00f3n<\/h6>\n\n\n\n<p>12 zapatas de hormig\u00f3n armado (100x100x25 cm), con refuerzo de acero \u00d812 mm (2x red 10&#215;10 cm).<\/p>\n\n\n\n<p>12 columnas para armar la estructura de bamb\u00fa: (32&#215;32 cm, altura 100 cm, hormig\u00f3n armado con refuerzo de acero de \u00d812 mm (8 varillas de \u00d812 mm, total&nbsp; 904 mm<sup>2<\/sup> acero por corte de la columna, 0.88%). La parte visible de las columnas estar\u00e1 enlucida.&nbsp;<\/p>\n\n\n\n<p>12 vigas de hormig\u00f3n armado (24&#215;36 cm, total 60 m de vigas de amarre), con refuerzo de acero de \u00d812 mm (6 varillas de \u00d812 mm, total 678 mm<sup>2<\/sup> acero por corte de la viga, 0.78%).&nbsp;<\/p>\n\n\n\n<p>Piso de hormig\u00f3n armado, de 10 cm, con red de refuerzo de acero de \u00d810 mm, 18.75&#215;18.75 cm.<\/p>\n\n\n\n<p>La resistencia m\u00ednima a la compresi\u00f3n del hormig\u00f3n 21 N\/mm<sup>2<\/sup>, la resistencia m\u00ednima del refuerzo de acero 400 N\/mm<sup>2<\/sup>.<\/p>\n\n\n\n<h6 class=\"wp-block-heading\">Estructura de Bamb\u00fa<\/h6>\n\n\n\n<p>Especie para la estructura: Guadua angustifolia.<\/p>\n\n\n\n<p>Di\u00e1metro de las ca\u00f1as para las columnas principales y las vigas de carga de la estructura: \u00d810-11 cm, espesor 1.5-2.0 cm. Di\u00e1metro de las ca\u00f1as de las dem\u00e1s vigas y de los pedazos de las paredes:&nbsp; \u00d89-10 cm, espesor 1-1,5 cm.<\/p>\n\n\n\n<p>El bamb\u00fa de la estructura est\u00e1 curado durante 5 d\u00edas con B\u00f3rax y \u00c1cido B\u00f3rico.&nbsp;<\/p>\n\n\n\n<p>Despu\u00e9s del armado, la parte inferior de las ca\u00f1as (50 cm) con anclaje estar\u00e1 llenada con mortero fluido.&nbsp;<\/p>\n\n\n\n<p>Todas las uniones estructurales entre ca\u00f1as estar\u00e1n hechas con varillas roscadas galvanizadas (3\/8\u201d) con anillos y tuercas de acero inoxidable (parte visible) o acero galvanizado (parte invisible).&nbsp;<\/p>\n\n\n\n<p>Resistencia m\u00ednima del acero de las varillas roscables, los anillos y las tuercas: 400 N\/mm<sup>2<\/sup>.<\/p>\n\n\n\n<p>El bamb\u00fa de la estructura estar\u00e1 acabado con barniz transparente uv resistente (dos manos).<\/p>\n\n\n\n<h6 class=\"wp-block-heading\"><strong>P<\/strong>aredes<\/h6>\n\n\n\n<p>Paredes de la planta baja y del ba\u00f1o de la segunda planta: bloques Rocafuerte o similar (9x19x39 cm). El lado exterior de las paredes de bloques: mamposter\u00eda limpia. El lado interior de las paredes de bloques ser\u00e1 enlucido con una capa de estuco de 2 cm. El estuco estar\u00e1 lijado y pintado con pintura latex (dos manos), color blanco apacible.<\/p>\n\n\n\n<p>Paredes del primer piso: ca\u00f1a picada, especie Bamb\u00fa gigante, curada con Maderol y diesel (1:10), dos manos. El lado interior de las paredes de ca\u00f1a picada estar\u00e1 revestido con malla para enlucir una capa de estuco de 2 cm. El estuco estar\u00e1 lijado y pintado con pintura latex (dos manos), color blanco apacible.<\/p>\n\n\n\n<p>La estructura de bamb\u00fa de las paredes queda visible. El lado exterior estar\u00e1 barnizado (barniz transparente uv resistente, dos manos).<\/p>\n\n\n\n<h6 class=\"wp-block-heading\">Piso Segunda Planta<\/h6>\n\n\n\n<p>Piso de madera (tablas 20 x 2,5 cm), puesto sobre ca\u00f1a picada.&nbsp;<\/p>\n\n\n\n<p>Madera: Pino o similar. Ca\u00f1a picada: Bamb\u00fa gigante, espesor promedio 1.5 cm.&nbsp;<\/p>\n\n\n\n<p>La madera y la ca\u00f1a picada est\u00e1n curadas con Maderol y diesel (1:10), dos manos. La ca\u00f1a picada est\u00e1 acabada al lado interior con barniz (uv resistente, dos manos), la madera al lado exterior con un lacque transitable de alta resistencia (uv resistente, dos manos).&nbsp;<\/p>\n\n\n\n<h6 class=\"wp-block-heading\"><strong>T<\/strong>echo<\/h6>\n\n\n\n<p>Revestimiento ca\u00f1a picada, especie Bamb\u00fa gigante, curada con Maderol y diesel (1:10), dos manos y acabado al lado interior con barniz (uv resistente, dos manos).&nbsp;<\/p>\n\n\n\n<p>Cubierta: planchas de acero (galvalume).<\/p>\n\n\n\n<h6 class=\"wp-block-heading\"><strong>E<\/strong>scalera<\/h6>\n\n\n\n<p>Madera Pino o similar.<\/p>\n\n\n\n<h6 class=\"wp-block-heading\"><strong>Acabados<\/strong><\/h6>\n\n\n\n<p>Piso de hormig\u00f3n planta baja: cer\u00e1mica o porcelanato.&nbsp;<\/p>\n\n\n\n<p class=\"has-sitetext-color has-text-color\">Piso de madera segunda planta: v\u00e9ase par\u00e1grafo <strong>Piso Segunda Planta<\/strong>.&nbsp;<\/p>\n\n\n\n<p>Ba\u00f1os:&nbsp;<\/p>\n\n\n\n<ul class=\"wp-block-list\"><li>paredes ducha y parte inferior de las otras paredes (&lt;120 cm): cer\u00e1mica<\/li><li>parte superior de las otras paredes (&gt;120 cm): enlucido, empastado y pintado con pintura l\u00e1tex color blanco apacible<\/li><li>piso: cer\u00e1mica<\/li><li>sanitario Edesa Evoluci\u00f3n color blanco (juego con inodoro, lavamanos, pedestal, llaves, sif\u00f3n).<\/li><\/ul>\n\n\n\n<p>Cocina:&nbsp;<\/p>\n\n\n\n<ul class=\"wp-block-list\"><li>mes\u00f3n 50&#215;200 cm de bloques y hormig\u00f3n, con lavaplatos de acero inoxidable Tramontina<\/li><li>paredes encima mes\u00f3n: cer\u00e1mica<\/li><li>mes\u00f3n: porcelanato Graiman Travertino o similar 50&#215;50 cm<\/li><\/ul>\n\n\n\n<p>Instalaci\u00f3n el\u00e9ctrica (110v). Tubos y codos: Plastigama (1\/2\u201d para 2 cables y 3\/4\u201d para 3 o m\u00e1s cables). Cajas: Plastidor. Tomacorrientes e interruptores: Bticino. Ducha el\u00e9ctrica: Tramontina.&nbsp;<\/p>\n\n\n\n<p>Tuber\u00eda de agua: Plastigama (1\/2\u201d). Tuber\u00eda desag\u00fce: Plastidor o similar, ducha, lavamanos, lavaplatos: \u00d850 mm, inodoro: \u00d8 110 mm.&nbsp;<\/p>\n\n\n\n<p>Puertas y batientes de madera Laurel, con 3 bisagras por puerta y cerraduras. Color teka.<\/p>\n\n\n\n<p>Ventanas corredizas de aluminio colorado con vidrio transparente y malla contra mosquitos.<\/p>\n\n\n\n<p>La madera de la escalera, batientes y puertas estar\u00e1 curada con una disoluci\u00f3n de maderol y diesel (1:10, dos manos).&nbsp;<\/p>\n\n\n\n<p>Todo el bamb\u00fa visible (estructura, paredes, techo) estar\u00e1 acabado con barniz transparente Unidas Alpino (dos manos).<\/p>\n\n\n\n<h6 class=\"wp-block-heading\">Producto Disponible<\/h6>\n\n\n<div data-block-name=\"woocommerce\/handpicked-products\" data-content-visibility=\"{&quot;image&quot;:true,&quot;title&quot;:true,&quot;price&quot;:true,&quot;rating&quot;:false,&quot;button&quot;:false}\" data-products=\"[9950]\" class=\"wc-block-grid wp-block-handpicked-products wp-block-woocommerce-handpicked-products wc-block-handpicked-products has-3-columns has-multiple-rows\"><ul class=\"wc-block-grid__products\"><li class=\"wc-block-grid__product\">\n\t\t\t\t<a href=\"https:\/\/bambu-arquitectura.net\/en\/product\/planos-arquitectonicos-casa-piura-pima-do2\/\" class=\"wc-block-grid__product-link\">\n\t\t\t\t\t\n\t\t\t\t\t<div class=\"wc-block-grid__product-image\"><img loading=\"lazy\" decoding=\"async\" width=\"400\" height=\"400\" src=\"https:\/\/i0.wp.com\/bambu-arquitectura.net\/wp-content\/uploads\/2022\/07\/Casa-de-Bambu-Piura-2PiMa-Do2-11072022_08.webp?resize=400%2C400&amp;ssl=1\" class=\"attachment-woocommerce_thumbnail size-woocommerce_thumbnail\" alt=\"Casa de Bamb\u00fa Piura 2PiMa Do2\" srcset=\"https:\/\/i0.wp.com\/bambu-arquitectura.net\/wp-content\/uploads\/2022\/07\/Casa-de-Bambu-Piura-2PiMa-Do2-11072022_08.webp?resize=280%2C280&amp;ssl=1 280w, https:\/\/i0.wp.com\/bambu-arquitectura.net\/wp-content\/uploads\/2022\/07\/Casa-de-Bambu-Piura-2PiMa-Do2-11072022_08.webp?resize=400%2C400&amp;ssl=1 400w, https:\/\/i0.wp.com\/bambu-arquitectura.net\/wp-content\/uploads\/2022\/07\/Casa-de-Bambu-Piura-2PiMa-Do2-11072022_08.webp?resize=100%2C100&amp;ssl=1 100w, https:\/\/i0.wp.com\/bambu-arquitectura.net\/wp-content\/uploads\/2022\/07\/Casa-de-Bambu-Piura-2PiMa-Do2-11072022_08.webp?resize=512%2C512&amp;ssl=1 512w, https:\/\/i0.wp.com\/bambu-arquitectura.net\/wp-content\/uploads\/2022\/07\/Casa-de-Bambu-Piura-2PiMa-Do2-11072022_08.webp?resize=1024%2C1024&amp;ssl=1 1024w, https:\/\/i0.wp.com\/bambu-arquitectura.net\/wp-content\/uploads\/2022\/07\/Casa-de-Bambu-Piura-2PiMa-Do2-11072022_08.webp?zoom=2&amp;resize=400%2C400&amp;ssl=1 800w, https:\/\/i0.wp.com\/bambu-arquitectura.net\/wp-content\/uploads\/2022\/07\/Casa-de-Bambu-Piura-2PiMa-Do2-11072022_08.webp?zoom=3&amp;resize=400%2C400&amp;ssl=1 1200w\" sizes=\"auto, (max-width: 400px) 100vw, 400px\" title=\"\"><\/div>\n\t\t\t\t\t<div class=\"wc-block-grid__product-title\">Planos Arquitect\u00f3nicos Casa Piura PiMa Do2<\/div>\n\t\t\t\t<\/a>\n\t\t\t\t<div class=\"wc-block-grid__product-price price\"><span class=\"woocommerce-Price-amount amount\"><span class=\"woocommerce-Price-currencySymbol\">&#036;<\/span>22,50<\/span><\/div>\n\t\t\t\t\n\t\t\t\t\n\t\t\t<\/li><\/ul><\/div>","protected":false},"excerpt":{"rendered":"<p>Technical Specification for the two-story Bamboo House in Piura, Peru. Ground floor concrete floor, second floor wooden floor, 2 bedrooms.<\/p>","protected":false},"author":1,"featured_media":10356,"parent":0,"menu_order":0,"comment_status":"closed","ping_status":"closed","template":"","meta":{"footnotes":""},"class_list":["post-10362","page","type-page","status-publish","has-post-thumbnail","hentry"],"jetpack_sharing_enabled":true,"_links":{"self":[{"href":"https:\/\/bambu-arquitectura.net\/en\/wp-json\/wp\/v2\/pages\/10362","targetHints":{"allow":["GET"]}}],"collection":[{"href":"https:\/\/bambu-arquitectura.net\/en\/wp-json\/wp\/v2\/pages"}],"about":[{"href":"https:\/\/bambu-arquitectura.net\/en\/wp-json\/wp\/v2\/types\/page"}],"author":[{"embeddable":true,"href":"https:\/\/bambu-arquitectura.net\/en\/wp-json\/wp\/v2\/users\/1"}],"replies":[{"embeddable":true,"href":"https:\/\/bambu-arquitectura.net\/en\/wp-json\/wp\/v2\/comments?post=10362"}],"version-history":[{"count":1,"href":"https:\/\/bambu-arquitectura.net\/en\/wp-json\/wp\/v2\/pages\/10362\/revisions"}],"predecessor-version":[{"id":10499,"href":"https:\/\/bambu-arquitectura.net\/en\/wp-json\/wp\/v2\/pages\/10362\/revisions\/10499"}],"wp:featuredmedia":[{"embeddable":true,"href":"https:\/\/bambu-arquitectura.net\/en\/wp-json\/wp\/v2\/media\/10356"}],"wp:attachment":[{"href":"https:\/\/bambu-arquitectura.net\/en\/wp-json\/wp\/v2\/media?parent=10362"}],"curies":[{"name":"wp","href":"https:\/\/api.w.org\/{rel}","templated":true}]}}